{"id":185,"date":"2022-12-14T20:35:25","date_gmt":"2022-12-14T20:35:25","guid":{"rendered":"https:\/\/velkomen.eu\/?page_id=185"},"modified":"2022-12-14T20:35:25","modified_gmt":"2022-12-14T20:35:25","slug":"objave-v-medijih","status":"publish","type":"page","link":"https:\/\/velkomen.eu\/index.php\/objave-v-medijih\/","title":{"rendered":"Objave v medijih"},"content":{"rendered":"\n<ul class=\"wp-block-list\">\n<li>Delo (26. 5. 2016, Svet-Ekonomija): \u201cPoslovne izku\u0161nje na Norve\u0161kem: Birokracija, pla\u010de, davki, vrednote\u201d\n<ul class=\"wp-block-list\">\n<li>http:\/\/www.delo.si\/svet\/ekonomija\/poslovne-izkusnje-na-norveskem-birokracija-place-davki-vrednote.html<\/li>\n<\/ul>\n<\/li>\n\n\n\n<li>RTV-SLO (7. 12. 2015, Glej ga, Sloven\u2019c!): \u201cToma\u017e in Sabina iz Norve\u0161ke, kjer so za uspehe in napake odgovorni vsi enako\u201d\n<ul class=\"wp-block-list\">\n<li>http:\/\/www.rtvslo.si\/tureavanture\/glej-ga-sloven-c\/tomaz-in-sabina-iz-norveske-kjer-so-za-uspehe-in-napake-odgovorni-vsi-enako\/380445<\/li>\n<\/ul>\n<\/li>\n\n\n\n<li>Toma\u017e je bil gost Nedeljske kuhinje na Radiu Murski val (21. 6. 2015)<\/li>\n\n\n\n<li>Spletni \u010dasopis Rodna Gruda (05. 09. 2013)\n<ul class=\"wp-block-list\">\n<li>http:\/\/www.rodnagruda.si\/mladi\/2013090514020147\/<\/li>\n<\/ul>\n<\/li>\n\n\n\n<li>\u010clanek v glasilu ob\u010dine Maj\u0161perk (Maj\u0161per\u010dan, december 2013, \u0161t. 87)\n<ul class=\"wp-block-list\">\n<li>http:\/\/www.majsperk.si\/Majspercan\/MajspercanDecember2013.pdf<\/li>\n<\/ul>\n<\/li>\n<\/ul>\n\n\n\n<h3 class=\"wp-block-heading\"><\/h3>\n","protected":false},"excerpt":{"rendered":"","protected":false},"author":1,"featured_media":0,"parent":0,"menu_order":0,"comment_status":"closed","ping_status":"closed","template":"","meta":{"footnotes":""},"class_list":["post-185","page","type-page","status-publish","hentry","post-preview"],"_links":{"self":[{"href":"https:\/\/velkomen.eu\/index.php\/wp-json\/wp\/v2\/pages\/185","targetHints":{"allow":["GET"]}}],"collection":[{"href":"https:\/\/velkomen.eu\/index.php\/wp-json\/wp\/v2\/pages"}],"about":[{"href":"https:\/\/velkomen.eu\/index.php\/wp-json\/wp\/v2\/types\/page"}],"author":[{"embeddable":true,"href":"https:\/\/velkomen.eu\/index.php\/wp-json\/wp\/v2\/users\/1"}],"replies":[{"embeddable":true,"href":"https:\/\/velkomen.eu\/index.php\/wp-json\/wp\/v2\/comments?post=185"}],"version-history":[{"count":1,"href":"https:\/\/velkomen.eu\/index.php\/wp-json\/wp\/v2\/pages\/185\/revisions"}],"predecessor-version":[{"id":186,"href":"https:\/\/velkomen.eu\/index.php\/wp-json\/wp\/v2\/pages\/185\/revisions\/186"}],"wp:attachment":[{"href":"https:\/\/velkomen.eu\/index.php\/wp-json\/wp\/v2\/media?parent=185"}],"curies":[{"name":"wp","href":"https:\/\/api.w.org\/{rel}","templated":true}]}}